{"id":16688,"date":"2022-11-20T11:07:31","date_gmt":"2022-11-20T10:07:31","guid":{"rendered":"https:\/\/simmelink.nl\/?page_id=16688"},"modified":"2026-03-14T08:04:10","modified_gmt":"2026-03-14T07:04:10","slug":"scheiden-huurwoning","status":"publish","type":"page","link":"https:\/\/simmelink.nl\/familierecht\/scheiden\/vermogen\/scheiden-huurwoning\/","title":{"rendered":"Scheiden en een huurwoning &#8211; Advocatenkantoor Simmelink"},"content":{"rendered":"\n<div class=\"s-section\">\n<div class=\"s-section-wrapper\">\n<div class=\"s-grid-toc_main gb-element-94926826\">\n<div class=\"s-section-sidebar\">\n<div class=\"s-sidebar-block-toc gb-element-bf14a539\">\n<p class=\"gb-text\">Op deze pagina<\/p>\n\n\n<div id=\"ez-toc-container\" class=\"ez-toc-v2_0_82_2 counter-flat ez-toc-counter ez-toc-grey ez-toc-container-direction\">\n<div class=\"ez-toc-title-container\">\n<span class=\"ez-toc-title-toggle\"><a href=\"#\" class=\"ez-toc-pull-right ez-toc-btn ez-toc-btn-xs ez-toc-btn-default ez-toc-toggle\" aria-label=\"Toggle Table of Content\"><span class=\"ez-toc-js-icon-con\"><span class=\"\"><span class=\"eztoc-hide\" style=\"display:none;\">Toggle<\/span><span class=\"ez-toc-icon-toggle-span\"><svg style=\"fill: #999;color:#999\" xmlns=\"http:\/\/www.w3.org\/2000\/svg\" class=\"list-377408\" width=\"20px\" height=\"20px\" viewBox=\"0 0 24 24\" fill=\"none\"><path d=\"M6 6H4v2h2V6zm14 0H8v2h12V6zM4 11h2v2H4v-2zm16 0H8v2h12v-2zM4 16h2v2H4v-2zm16 0H8v2h12v-2z\" fill=\"currentColor\"><\/path><\/svg><svg style=\"fill: #999;color:#999\" class=\"arrow-unsorted-368013\" xmlns=\"http:\/\/www.w3.org\/2000\/svg\" width=\"10px\" height=\"10px\" viewBox=\"0 0 24 24\" version=\"1.2\" baseProfile=\"tiny\"><path d=\"M18.2 9.3l-6.2-6.3-6.2 6.3c-.2.2-.3.4-.3.7s.1.5.3.7c.2.2.4.3.7.3h11c.3 0 .5-.1.7-.3.2-.2.3-.5.3-.7s-.1-.5-.3-.7zM5.8 14.7l6.2 6.3 6.2-6.3c.2-.2.3-.5.3-.7s-.1-.5-.3-.7c-.2-.2-.4-.3-.7-.3h-11c-.3 0-.5.1-.7.3-.2.2-.3.5-.3.7s.1.5.3.7z\"\/><\/svg><\/span><\/span><\/span><\/a><\/span><\/div>\n<nav><ul class='ez-toc-list ez-toc-list-level-1 ' ><li class='ez-toc-page-1'><a class=\"ez-toc-link ez-toc-heading-1\" href=\"https:\/\/simmelink.nl\/familierecht\/scheiden\/vermogen\/scheiden-huurwoning\/#Wie_mag_er_in_de_huurwoning_blijven_wonen_na_de_scheiding\" >Wie mag er in de huurwoning blijven wonen na de scheiding?<\/a><\/li><li class='ez-toc-page-1'><a class=\"ez-toc-link ez-toc-heading-2\" href=\"https:\/\/simmelink.nl\/familierecht\/scheiden\/vermogen\/scheiden-huurwoning\/#De_huurwoning_na_de_scheiding\" >De huurwoning na de scheiding<\/a><\/li><li class='ez-toc-page-1'><a class=\"ez-toc-link ez-toc-heading-3\" href=\"https:\/\/simmelink.nl\/familierecht\/scheiden\/vermogen\/scheiden-huurwoning\/#Komt_u_er_samen_niet_uit\" >Komt u er samen niet uit?<\/a><\/li><li class='ez-toc-page-1'><a class=\"ez-toc-link ez-toc-heading-4\" href=\"https:\/\/simmelink.nl\/familierecht\/scheiden\/vermogen\/scheiden-huurwoning\/#De_huurwoning_tijdens_de_echtscheiding_%E2%80%93_voorlopige_voorziening\" >De huurwoning tijdens de echtscheiding &#8211; voorlopige voorziening<\/a><\/li><li class='ez-toc-page-1'><a class=\"ez-toc-link ez-toc-heading-5\" href=\"https:\/\/simmelink.nl\/familierecht\/scheiden\/vermogen\/scheiden-huurwoning\/#Onze_advocaten\" >Onze advocaten<\/a><\/li><\/ul><\/nav><\/div>\n\n<\/div>\n<\/div>\n\n\n\n<div class=\"s-section-main s-stack-2xl gb-element-6c76d265\">\n<div class=\"s-content-block s-content-block--filled gb-element-15683c21 block-wrapper\">\n<div class=\"s-content-block-narrow\">\n<p class=\"gb-text gb-text-91da06c0\">In het kort<\/p>\n\n\n\n<p>Bij een scheiding waarbij partners in een huurwoning wonen, moet worden bepaald wie het huurrecht behoudt; de rechten hangen af van de tenaamstelling van het huurcontract en de belangen van eventuele kinderen.<\/p>\n\n\n\n<ul class=\"wp-block-list\">\n<li>Echtgenoten en geregistreerde partners zijn automatisch medehuurder, ongeacht op wiens naam het huurcontract staat.<\/li>\n\n\n\n<li>Hebben beiden het recht om te blijven, dan moeten zij gezamenlijk beslissen wie de woning overneemt; de verhuurder moet instemmen met wijziging van het huurcontract.<\/li>\n\n\n\n<li>Staat de woning op \u00e9\u00e9n naam, dan heeft de andere partner in beginsel geen huurrecht; de rechter kan het huurrecht in uitzonderlijke gevallen toewijzen aan de ouder bij wie de <a href=\"https:\/\/simmelink.nl\/familierecht\/scheiden\/kinderen\/\">kinderen<\/a> verblijven.<\/li>\n\n\n\n<li>Afspraken over wie in de huurwoning blijft, worden schriftelijk vastgelegd en aangetekend meegedeeld aan de verhuurder.<\/li>\n\n\n\n<li>Afhankelijk van de omstandigheden kan de rechter via <a href=\"https:\/\/simmelink.nl\/familierecht\/scheiden\/voorlopige-voorzieningen\/\">voorlopige voorzieningen<\/a> een tijdelijke regeling treffen over het gebruik van de woning tijdens de scheidingsprocedure.<\/li>\n<\/ul>\n<\/div>\n<\/div>\n\n\n\n<div class=\"s-content-block\">\n<h2 class=\"wp-block-heading\"><span class=\"ez-toc-section\" id=\"Wie_mag_er_in_de_huurwoning_blijven_wonen_na_de_scheiding\"><\/span>Wie mag er in de huurwoning blijven wonen na de scheiding?<span class=\"ez-toc-section-end\"><\/span><\/h2>\n\n\n\n<p>Gaan u en uw partner uit elkaar en woont u nu samen in een huurwoning? Dan leest u op deze pagina wie er in de woning mag blijven wonen.<\/p>\n\n\n\n<h2 class=\"wp-block-heading\"><span class=\"ez-toc-section\" id=\"De_huurwoning_na_de_scheiding\"><\/span>De huurwoning na de scheiding<span class=\"ez-toc-section-end\"><\/span><\/h2>\n\n\n\n<p>Als u op dit moment in een huurhuis woont kunt u samen bepalen wie van u er blijft wonen. Echtgenoten en geregistreerd partners hebben na een scheiding namelijk evenveel recht om in het huurhuis te blijven. Het maakt dus niet uit of u in gemeenschap van goederen of op huwelijkse voorwaarden bent getrouwd. Ook maakt het niet uit op wiens naam het huurcontract staat. Echtgenoten en geregistreerd partners zijn namelijk altijd automatisch medehuurder.<\/p>\n\n\n\n<p>Als u heeft besloten wie van u in het huis mag blijven wonen, kunt u de verhuurder vragen de tenaamstelling op het huurcontract te wijzigen. Het is verstandig om dan ook direct een tussentijdse inspectie aan te vragen, zodat u nog samen de eventuele herstelwerkzaamheden kunt laten uitvoeren. Daarmee wordt degene die in het huis blijft wonen later niet met hoge kosten geconfronteerd.<\/p>\n\n\n\n<h2 class=\"wp-block-heading\"><span class=\"ez-toc-section\" id=\"Komt_u_er_samen_niet_uit\"><\/span>Komt u er samen niet uit?<span class=\"ez-toc-section-end\"><\/span><\/h2>\n\n\n\n<p>Komt u er samen niet uit? Dan kunt u een mediator vragen om u te helpen of (via een advocaat) de rechter vragen een beslissing te nemen. De rechter zal bij zijn beslissing een aantal factoren meewegen:<\/p>\n\n\n\n<ul class=\"wp-block-list\">\n<li>Als u minderjarige kinderen heeft, zal de rechter het huis meestal toewijzen aan degene bij wie de kinderen de meeste tijd gaan wonen.<\/li>\n\n\n\n<li>Ook kan de verblijfsduur een rol spelen. Woonde een van u significant langer in de woning dan de ander? Dan is de kans groot dat diegene de woning toegewezen krijgt.<\/li>\n<\/ul>\n\n\n\n<h2 class=\"wp-block-heading\"><span class=\"ez-toc-section\" id=\"De_huurwoning_tijdens_de_echtscheiding_%E2%80%93_voorlopige_voorziening\"><\/span>De huurwoning tijdens de echtscheiding &#8211; voorlopige voorziening<span class=\"ez-toc-section-end\"><\/span><\/h2>\n\n\n\n<p>Ook tijdens de echtscheidingsprocedure kan het wenselijk zijn dat een van u de woning verlaat, omdat samenwonen gewoonweg niet meer gaat. Als dat ook voor u geldt, moet u hier afspraken over maken. Gaat een van u tijdelijk ergens anders wonen? Of vliegt u beurtelings in en uit, waardoor de kinderen in de woning kunnen blijven wonen? En wat doet u met de kosten die dit met zich meebrengt?<\/p>\n\n\n\n<p>Als u hier samen niet uitkomt kunt u een mediator inschakelen of de rechter vragen om in een spoedprocedure (voorlopige voorziening) de knoop voor u door te hakken. Hiervoor heeft u een advocaat nodig.<\/p>\n\n\n\n<p>Ook in deze procedure zal de rechter verschillende factoren meewegen. Heeft u bijvoorbeeld minderjarige kinderen? Dan zal de rechter laten meewegen wie tijdens de echtscheiding het grootste gedeelte van de zorg op zich zal nemen. Ook laat de rechter meewegen of een van u beiden gemakkelijk aan ander onderdak kan komen. De uitspraak die de rechter vervolgens doet is bindend en geldt tot de scheiding is afgewikkeld.<\/p>\n\n\n\n<p>Maar let op: als u een verzoek tot een voorlopige voorziening heeft ingediend moet u binnen vier weken ook het echtscheidingsverzoek bij de rechtbank indienen. Alleen dan kan de voorlopige voorziening in stand blijven totdat de echtscheiding is afgewikkeld.<\/p>\n<\/div>\n\n\n\n<div class=\"s-advocaten-block\">\n<h2 class=\"gb-text\" id=\"advocaten\"><span class=\"ez-toc-section\" id=\"Onze_advocaten\"><\/span>Onze advocaten<span class=\"ez-toc-section-end\"><\/span><\/h2>\n\n\n\n<p>Het team van Simmelink Advocaten is gespecialiseerd in familierecht, internationaal familierecht en erfrecht.<br>De advocaten combineren juridische deskundigheid met internationale ervaring.<br>Cli\u00ebnten worden begeleid door \u00e9\u00e9n vaste advocaat die het gehele proces overziet en discreet communiceert.<\/p>\n\n\n\n<p>Bij complexe financi\u00eble kwesties of een internationale component is een gespecialiseerde advocaat belangrijk.<br>Wij streven naar juridisch juiste, praktisch uitvoerbare afspraken die u voorspelbaarheid en rust geven.<\/p>\n\n\n<div class=\"gb-container gb-container-3bd256ba\">\n\n<div class=\"gb-grid-wrapper gb-grid-wrapper-5dcdaabb gb-query-loop-wrapper\">\n<div class=\"gb-grid-column gb-grid-column-b6d769df gb-query-loop-item post-23938 advocaat type-advocaat status-publish hentry\"><div class=\"gb-container gb-container-b6d769df\">\n<div class=\"gb-container gb-container-7443210b\">\n<figure class=\"gb-block-image gb-block-image-943d9da3\"><a href=\"https:\/\/simmelink.nl\/en\/our-team\/attorneys-at-law\/carla-simmelink\/\"><img loading=\"lazy\" decoding=\"async\" width=\"300\" height=\"300\" src=\"https:\/\/simmelink.nl\/wp-content\/uploads\/2024\/05\/carla-2-300x300.jpg\" class=\"gb-image-943d9da3\" alt=\"Carla Simmelink\" srcset=\"https:\/\/simmelink.nl\/wp-content\/uploads\/2024\/05\/carla-2-300x300.jpg 300w, https:\/\/simmelink.nl\/wp-content\/uploads\/2024\/05\/carla-2-150x150.jpg 150w, https:\/\/simmelink.nl\/wp-content\/uploads\/2024\/05\/carla-2-768x768.jpg 768w, https:\/\/simmelink.nl\/wp-content\/uploads\/2024\/05\/carla-2.jpg 1024w\" sizes=\"auto, (max-width: 300px) 100vw, 300px\" \/><\/a><\/figure>\n\n<h3 class=\"gb-headline gb-headline-f2d3d794 gb-headline-text\"><a href=\"https:\/\/simmelink.nl\/en\/our-team\/attorneys-at-law\/carla-simmelink\/\">Carla Simmelink &#8211; Family Law Attorney, International Family Law and Inheritance Law<\/a><\/h3>\n\n<p class=\"gb-headline gb-headline-9bf895f6 gb-headline-text\">Family Law Attorney, International Family Law and Inheritance Law<\/p>\n<\/div>\n<\/div><\/div>\n\n<div class=\"gb-grid-column gb-grid-column-b6d769df gb-query-loop-item post-29865 advocaat type-advocaat status-publish hentry\"><div class=\"gb-container gb-container-b6d769df\">\n<div class=\"gb-container gb-container-7443210b\">\n<figure class=\"gb-block-image gb-block-image-943d9da3\"><a href=\"https:\/\/simmelink.nl\/en\/our-team\/attorneys-at-law\/valerie-lingg\/\"><img loading=\"lazy\" decoding=\"async\" width=\"300\" height=\"300\" src=\"https:\/\/simmelink.nl\/wp-content\/uploads\/2025\/03\/Valerie-1-300x300.jpg\" class=\"gb-image-943d9da3\" alt=\"Valerie Lingg\" srcset=\"https:\/\/simmelink.nl\/wp-content\/uploads\/2025\/03\/Valerie-1-300x300.jpg 300w, https:\/\/simmelink.nl\/wp-content\/uploads\/2025\/03\/Valerie-1-150x150.jpg 150w, https:\/\/simmelink.nl\/wp-content\/uploads\/2025\/03\/Valerie-1-768x768.jpg 768w, https:\/\/simmelink.nl\/wp-content\/uploads\/2025\/03\/Valerie-1.jpg 1200w\" sizes=\"auto, (max-width: 300px) 100vw, 300px\" \/><\/a><\/figure>\n\n<h3 class=\"gb-headline gb-headline-f2d3d794 gb-headline-text\"><a href=\"https:\/\/simmelink.nl\/en\/our-team\/attorneys-at-law\/valerie-lingg\/\">Valerie Lingg &#8211; Family Law Attorney, International Family Law<\/a><\/h3>\n\n<p class=\"gb-headline gb-headline-9bf895f6 gb-headline-text\">Family Law Attorney, International Family Law<\/p>\n<\/div>\n<\/div><\/div>\n\n<div class=\"gb-grid-column gb-grid-column-b6d769df gb-query-loop-item post-23939 advocaat type-advocaat status-publish hentry\"><div class=\"gb-container gb-container-b6d769df\">\n<div class=\"gb-container gb-container-7443210b\">\n<figure class=\"gb-block-image gb-block-image-943d9da3\"><a href=\"https:\/\/simmelink.nl\/en\/our-team\/attorneys-at-law\/eva-zaunbrecher-bosschlo\/\"><img loading=\"lazy\" decoding=\"async\" width=\"300\" height=\"300\" src=\"https:\/\/simmelink.nl\/wp-content\/uploads\/2024\/05\/Eva-300x300.jpg\" class=\"gb-image-943d9da3\" alt=\"Eva Zaunbrecher\" srcset=\"https:\/\/simmelink.nl\/wp-content\/uploads\/2024\/05\/Eva-300x300.jpg 300w, https:\/\/simmelink.nl\/wp-content\/uploads\/2024\/05\/Eva-150x150.jpg 150w, https:\/\/simmelink.nl\/wp-content\/uploads\/2024\/05\/Eva-768x768.jpg 768w, https:\/\/simmelink.nl\/wp-content\/uploads\/2024\/05\/Eva.jpg 1200w\" sizes=\"auto, (max-width: 300px) 100vw, 300px\" \/><\/a><\/figure>\n\n<h3 class=\"gb-headline gb-headline-f2d3d794 gb-headline-text\"><a href=\"https:\/\/simmelink.nl\/en\/our-team\/attorneys-at-law\/eva-zaunbrecher-bosschlo\/\">Eva Zaunbrecher-Boschloo &#8211; Family Law Attorney, International Family Law<\/a><\/h3>\n\n<p class=\"gb-headline gb-headline-9bf895f6 gb-headline-text\">Lawyer at Law (International) Family Law<\/p>\n<\/div>\n<\/div><\/div>\n\n<div class=\"gb-grid-column gb-grid-column-b6d769df gb-query-loop-item post-36349 advocaat type-advocaat status-publish hentry\"><div class=\"gb-container gb-container-b6d769df\">\n<div class=\"gb-container gb-container-7443210b\">\n<figure class=\"gb-block-image gb-block-image-943d9da3\"><a href=\"https:\/\/simmelink.nl\/en\/our-team\/attorneys-at-law\/sophia-sips\/\"><img loading=\"lazy\" decoding=\"async\" width=\"300\" height=\"300\" src=\"https:\/\/simmelink.nl\/wp-content\/uploads\/2026\/03\/Sophia-300x300.jpg\" class=\"gb-image-943d9da3\" alt=\"Sophia Sips\" srcset=\"https:\/\/simmelink.nl\/wp-content\/uploads\/2026\/03\/Sophia-300x300.jpg 300w, https:\/\/simmelink.nl\/wp-content\/uploads\/2026\/03\/Sophia-1200x1200.jpg 1200w, https:\/\/simmelink.nl\/wp-content\/uploads\/2026\/03\/Sophia-150x150.jpg 150w, https:\/\/simmelink.nl\/wp-content\/uploads\/2026\/03\/Sophia-768x768.jpg 768w, https:\/\/simmelink.nl\/wp-content\/uploads\/2026\/03\/Sophia-1536x1536.jpg 1536w, https:\/\/simmelink.nl\/wp-content\/uploads\/2026\/03\/Sophia-2048x2048.jpg 2048w\" sizes=\"auto, (max-width: 300px) 100vw, 300px\" \/><\/a><\/figure>\n\n<h3 class=\"gb-headline gb-headline-f2d3d794 gb-headline-text\"><a href=\"https:\/\/simmelink.nl\/en\/our-team\/attorneys-at-law\/sophia-sips\/\">Sophia Sips &#8211; Family Law Attorney<\/a><\/h3>\n\n<p class=\"gb-headline gb-headline-9bf895f6 gb-headline-text\">Family Law Attorney, International Family Law<\/p>\n<\/div>\n<\/div><\/div>\n<\/div>\n\n<\/div>\n\n\n<div class=\"s-quotes-block gb-element-b0365a51 testimonial-block\">\n<img decoding=\"async\" class=\"s-quote-card-icon gb-media-5cab658b testimonial-icon\" alt=\"\" src=\"https:\/\/simmelink.nl\/wp-content\/uploads\/2025\/05\/quote.svg\" title=\"quote\"\/>\n\n\n\n<p class=\"gb-text s-quote-card-text testimonial-text\"><em><em>Cli\u00ebnten worden begeleid door een vaste advocaat, die het gehele dossier overziet en discreet communiceert.<\/em><\/em><\/p>\n\n\n\n<p class=\"gb-text s-quote-card-author testimonial-author\">mr. Carla Simmelink, advocaat<\/p>\n<\/div>\n<\/div>\n\n\n\n<div><div class=\"gb-container gb-container-34ac26a6\">\n<div class=\"gb-container gb-container-34ce7bbc\">\n\n<figure class=\"gb-block-image gb-block-image-7a1d0082\"><img loading=\"lazy\" decoding=\"async\" width=\"300\" height=\"93\" class=\"gb-image gb-image-7a1d0082\" src=\"https:\/\/simmelink.nl\/wp-content\/uploads\/2020\/09\/nederlandse-orde-van-advocaten-logo-300x93.png\" alt=\"Logo Nederlandse Orde van Advocaten\" title=\"Logo Nederlandse Orde van Advocaten\" srcset=\"https:\/\/simmelink.nl\/wp-content\/uploads\/2020\/09\/nederlandse-orde-van-advocaten-logo-300x93.png 300w, https:\/\/simmelink.nl\/wp-content\/uploads\/2020\/09\/nederlandse-orde-van-advocaten-logo.png 340w\" sizes=\"auto, (max-width: 300px) 100vw, 300px\" \/><\/figure>\n\n<\/div>\n\n<div class=\"gb-container gb-container-7b78af02\">\n\n<figure class=\"gb-block-image gb-block-image-cae6833a\"><img decoding=\"async\" class=\"gb-image gb-image-cae6833a\" src=\"https:\/\/simmelink.nl\/wp-content\/uploads\/2024\/05\/RaadvRechtspraak.svg\" alt=\"\" title=\"RaadvRechtspraak\"\/><\/figure>\n\n\n\n<figure class=\"gb-block-image gb-block-image-07670684\"><img loading=\"lazy\" decoding=\"async\" width=\"340\" height=\"105\" class=\"gb-image gb-image-07670684\" src=\"https:\/\/simmelink.nl\/wp-content\/uploads\/2020\/09\/raad-voor-rechtsbijstand-high-trust-logo.png\" alt=\"Raad-voor-rechtsbijstand-high-trust-logo\" title=\"Raad-voor-rechtsbijstand-high-trust-logo\" srcset=\"https:\/\/simmelink.nl\/wp-content\/uploads\/2020\/09\/raad-voor-rechtsbijstand-high-trust-logo.png 340w, https:\/\/simmelink.nl\/wp-content\/uploads\/2020\/09\/raad-voor-rechtsbijstand-high-trust-logo-300x93.png 300w\" sizes=\"auto, (max-width: 340px) 100vw, 340px\" \/><\/figure>\n\n<\/div>\n<\/div><\/div>\n<\/div>\n<\/div>\n<\/div>\n<\/div>\n\n\n\n<div style=\"height:40px\" aria-hidden=\"true\" class=\"wp-block-spacer\"><\/div>\n","protected":false},"excerpt":{"rendered":"<p>Op deze pagina In het kort Bij een scheiding waarbij partners in een huurwoning wonen, moet worden bepaald wie het huurrecht behoudt; de rechten hangen af van de tenaamstelling van het huurcontract en de belangen van eventuele kinderen. Wie mag er in de huurwoning blijven wonen na de scheiding? Gaan u en uw partner uit &#8230; <a title=\"Scheiden en een huurwoning &#8211; Advocatenkantoor Simmelink\" class=\"read-more\" href=\"https:\/\/simmelink.nl\/familierecht\/scheiden\/vermogen\/scheiden-huurwoning\/\" aria-label=\"Read more about Scheiden en een huurwoning &#8211; Advocatenkantoor Simmelink\">Lees meer<\/a><\/p>\n","protected":false},"author":3,"featured_media":16673,"parent":25131,"menu_order":0,"comment_status":"closed","ping_status":"closed","template":"","meta":{"_acf_changed":false,"footnotes":""},"class_list":{"0":"post-16688","1":"page","2":"type-page","3":"status-publish","4":"has-post-thumbnail","6":"infinite-scroll-item","7":"resize-featured-image"},"acf":[],"_links":{"self":[{"href":"https:\/\/simmelink.nl\/en\/wp-json\/wp\/v2\/pages\/16688","targetHints":{"allow":["GET"]}}],"collection":[{"href":"https:\/\/simmelink.nl\/en\/wp-json\/wp\/v2\/pages"}],"about":[{"href":"https:\/\/simmelink.nl\/en\/wp-json\/wp\/v2\/types\/page"}],"author":[{"embeddable":true,"href":"https:\/\/simmelink.nl\/en\/wp-json\/wp\/v2\/users\/3"}],"replies":[{"embeddable":true,"href":"https:\/\/simmelink.nl\/en\/wp-json\/wp\/v2\/comments?post=16688"}],"version-history":[{"count":5,"href":"https:\/\/simmelink.nl\/en\/wp-json\/wp\/v2\/pages\/16688\/revisions"}],"predecessor-version":[{"id":35956,"href":"https:\/\/simmelink.nl\/en\/wp-json\/wp\/v2\/pages\/16688\/revisions\/35956"}],"up":[{"embeddable":true,"href":"https:\/\/simmelink.nl\/en\/wp-json\/wp\/v2\/pages\/25131"}],"wp:featuredmedia":[{"embeddable":true,"href":"https:\/\/simmelink.nl\/en\/wp-json\/wp\/v2\/media\/16673"}],"wp:attachment":[{"href":"https:\/\/simmelink.nl\/en\/wp-json\/wp\/v2\/media?parent=16688"}],"curies":[{"name":"wp","href":"https:\/\/api.w.org\/{rel}","templated":true}]}}