{"id":25078,"date":"2024-08-25T16:11:46","date_gmt":"2024-08-25T15:11:46","guid":{"rendered":"https:\/\/simmelink.nl\/customer-cases-and-real-world-examples\/"},"modified":"2026-05-02T20:45:04","modified_gmt":"2026-05-02T19:45:04","slug":"from-our-practice","status":"publish","type":"page","link":"https:\/\/simmelink.nl\/en\/from-our-practice\/","title":{"rendered":"Based on Real Cases"},"content":{"rendered":"\n<div class=\"s-section\">\n<div class=\"s-section-wrapper\">\n<div class=\"s-section-main\"><div class=\"gb-container gb-container-c1e8f98d s-content-block\">\n\n<h2 class=\"gb-text\">Case Studies<\/h2>\n\n\n\n<div data-gb-router-region=\"query-286a9a85\" class=\"gb-query-286a9a85\"><div class=\"gb-looper-5f66cd29\">\n<div class=\"gb-loop-item s-card-article card shadow-soft hover-lift post-37811 uit-de-praktijk type-uit-de-praktijk status-publish hentry praktijk_cluster-erfrecht infinite-scroll-item\">\n<div class=\"gb-element-ed6811ef\">\n<div class=\"gb-element-e0f3e236\">\n<div class=\"gb-text s-card-article-category\"><span>Erfrecht<\/span><\/div>\n<\/div>\n\n\n\n<h2 class=\"gb-text gb-text-fe676d4a\"><a href=\"https:\/\/simmelink.nl\/en\/uit-de-praktijk\/vereffening-aansprakelijkheid-erfgenaam\/\">Vereffeningsfouten en aansprakelijkheid bij beneficiaire aanvaarding<\/a><\/h2>\n\n\n\n<div class=\"gb-text\">Erfgenaam aanvaardt beneficiair, maar de vereffening loopt niet langs de wettelijke regels: een situatie waarin de bescherming afhangt van de uitvoering van de plichten.<\/div>\n\n\n\n<div class=\"s-btn-group gb-element-1cf03c02\">\n<a class=\"gb-text s-btn-secondary s-btn--small gb-text-b5ce3391\" href=\"http:\/\/%7B%7Bpost_permalink%7D%7D\">Read More<\/a>\n<\/div>\n<\/div>\n<\/div>\n\n<div class=\"gb-loop-item s-card-article card shadow-soft hover-lift post-37810 uit-de-praktijk type-uit-de-praktijk status-publish hentry praktijk_cluster-erfrecht infinite-scroll-item\">\n<div class=\"gb-element-ed6811ef\">\n<div class=\"gb-element-e0f3e236\">\n<div class=\"gb-text s-card-article-category\"><span>Erfrecht<\/span><\/div>\n<\/div>\n\n\n\n<h2 class=\"gb-text gb-text-fe676d4a\"><a href=\"https:\/\/simmelink.nl\/en\/uit-de-praktijk\/onverwachte-schuld-zuivere-aanvaarding\/\">Onverwachte schuld na zuivere aanvaarding van een erfenis<\/a><\/h2>\n\n\n\n<div class=\"gb-text\">U aanvaardde de erfenis te goeder trouw en wordt nu geconfronteerd met een schuld die u niet kende. De wet biedt sinds 2016 een hersteltraject.<\/div>\n\n\n\n<div class=\"s-btn-group gb-element-1cf03c02\">\n<a class=\"gb-text s-btn-secondary s-btn--small gb-text-b5ce3391\" href=\"http:\/\/%7B%7Bpost_permalink%7D%7D\">Read More<\/a>\n<\/div>\n<\/div>\n<\/div>\n\n<div class=\"gb-loop-item s-card-article card shadow-soft hover-lift post-37388 uit-de-praktijk type-uit-de-praktijk status-publish hentry praktijk_cluster-erfrecht infinite-scroll-item\">\n<div class=\"gb-element-ed6811ef\">\n<div class=\"gb-element-e0f3e236\">\n<div class=\"gb-text s-card-article-category\"><span>Erfrecht<\/span><\/div>\n<\/div>\n\n\n\n<h2 class=\"gb-text gb-text-fe676d4a\"><a href=\"https:\/\/simmelink.nl\/en\/uit-de-praktijk\/legitieme-portie-afwezige-ouder\/\">Onterfd door een ouder met wie u nauwelijks contact had<\/a><\/h2>\n\n\n\n<div class=\"gb-text\">Een erfgenaam wil beneficiair aanvaarden uit zorgen om mogelijke schulden, maar heeft al handelingen verricht: een situatie die juridisch fijnmaziger is dan zij lijkt.<\/div>\n\n\n\n<div class=\"s-btn-group gb-element-1cf03c02\">\n<a class=\"gb-text s-btn-secondary s-btn--small gb-text-b5ce3391\" href=\"http:\/\/%7B%7Bpost_permalink%7D%7D\">Read More<\/a>\n<\/div>\n<\/div>\n<\/div>\n\n<div class=\"gb-loop-item s-card-article card shadow-soft hover-lift post-37387 uit-de-praktijk type-uit-de-praktijk status-publish hentry praktijk_cluster-erfrecht infinite-scroll-item\">\n<div class=\"gb-element-ed6811ef\">\n<div class=\"gb-element-e0f3e236\">\n<div class=\"gb-text s-card-article-category\"><span>Erfrecht<\/span><\/div>\n<\/div>\n\n\n\n<h2 class=\"gb-text gb-text-fe676d4a\"><a href=\"https:\/\/simmelink.nl\/en\/uit-de-praktijk\/erfrecht-schenkingen-bij-verdeling\/\">Een schenking aan \u00e9\u00e9n erfgenaam bij de verdeling van de nalatenschap<\/a><\/h2>\n\n\n\n<div class=\"gb-text\">Een erfgenaam wil beneficiair aanvaarden uit zorgen om mogelijke schulden, maar heeft al handelingen verricht: een situatie die juridisch fijnmaziger is dan zij lijkt.<\/div>\n\n\n\n<div class=\"s-btn-group gb-element-1cf03c02\">\n<a class=\"gb-text s-btn-secondary s-btn--small gb-text-b5ce3391\" href=\"http:\/\/%7B%7Bpost_permalink%7D%7D\">Read More<\/a>\n<\/div>\n<\/div>\n<\/div>\n\n<div class=\"gb-loop-item s-card-article card shadow-soft hover-lift post-37386 uit-de-praktijk type-uit-de-praktijk status-publish hentry praktijk_cluster-erfrecht infinite-scroll-item\">\n<div class=\"gb-element-ed6811ef\">\n<div class=\"gb-element-e0f3e236\">\n<div class=\"gb-text s-card-article-category\"><span>Erfrecht<\/span><\/div>\n<\/div>\n\n\n\n<h2 class=\"gb-text gb-text-fe676d4a\"><a href=\"https:\/\/simmelink.nl\/en\/uit-de-praktijk\/legitieme-portie-stiefouder\/\">Onterfd na het hertrouwen van een ouder<\/a><\/h2>\n\n\n\n<div class=\"gb-text\">Een erfgenaam wil beneficiair aanvaarden uit zorgen om mogelijke schulden, maar heeft al handelingen verricht: een situatie die juridisch fijnmaziger is dan zij lijkt.<\/div>\n\n\n\n<div class=\"s-btn-group gb-element-1cf03c02\">\n<a class=\"gb-text s-btn-secondary s-btn--small gb-text-b5ce3391\" href=\"http:\/\/%7B%7Bpost_permalink%7D%7D\">Read More<\/a>\n<\/div>\n<\/div>\n<\/div>\n\n<div class=\"gb-loop-item s-card-article card shadow-soft hover-lift post-37385 uit-de-praktijk type-uit-de-praktijk status-publish hentry praktijk_cluster-erfrecht infinite-scroll-item\">\n<div class=\"gb-element-ed6811ef\">\n<div class=\"gb-element-e0f3e236\">\n<div class=\"gb-text s-card-article-category\"><span>Erfrecht<\/span><\/div>\n<\/div>\n\n\n\n<h2 class=\"gb-text gb-text-fe676d4a\"><a href=\"https:\/\/simmelink.nl\/en\/uit-de-praktijk\/ontslag-executeur-wantrouwen\/\">Wantrouwen tegen de executeur in een nalatenschap<\/a><\/h2>\n\n\n\n<div class=\"gb-text\">Een erfgenaam wil beneficiair aanvaarden uit zorgen om mogelijke schulden, maar heeft al handelingen verricht: een situatie die juridisch fijnmaziger is dan zij lijkt.<\/div>\n\n\n\n<div class=\"s-btn-group gb-element-1cf03c02\">\n<a class=\"gb-text s-btn-secondary s-btn--small gb-text-b5ce3391\" href=\"http:\/\/%7B%7Bpost_permalink%7D%7D\">Read More<\/a>\n<\/div>\n<\/div>\n<\/div>\n\n<div class=\"gb-loop-item s-card-article card shadow-soft hover-lift post-37384 uit-de-praktijk type-uit-de-praktijk status-publish hentry praktijk_cluster-erfrecht infinite-scroll-item\">\n<div class=\"gb-element-ed6811ef\">\n<div class=\"gb-element-e0f3e236\">\n<div class=\"gb-text s-card-article-category\"><span>Erfrecht<\/span><\/div>\n<\/div>\n\n\n\n<h2 class=\"gb-text gb-text-fe676d4a\"><a href=\"https:\/\/simmelink.nl\/en\/uit-de-praktijk\/legitieme-portie-zonder-executeur\/\">Onterfd in een nalatenschap zonder executeur<\/a><\/h2>\n\n\n\n<div class=\"gb-text\">Een erfgenaam wil beneficiair aanvaarden uit zorgen om mogelijke schulden, maar heeft al handelingen verricht: een situatie die juridisch fijnmaziger is dan zij lijkt.<\/div>\n\n\n\n<div class=\"s-btn-group gb-element-1cf03c02\">\n<a class=\"gb-text s-btn-secondary s-btn--small gb-text-b5ce3391\" href=\"http:\/\/%7B%7Bpost_permalink%7D%7D\">Read More<\/a>\n<\/div>\n<\/div>\n<\/div>\n\n<div class=\"gb-loop-item s-card-article card shadow-soft hover-lift post-37382 uit-de-praktijk type-uit-de-praktijk status-publish hentry praktijk_cluster-erfrecht infinite-scroll-item\">\n<div class=\"gb-element-ed6811ef\">\n<div class=\"gb-element-e0f3e236\">\n<div class=\"gb-text s-card-article-category\"><span>Erfrecht<\/span><\/div>\n<\/div>\n\n\n\n<h2 class=\"gb-text gb-text-fe676d4a\"><a href=\"https:\/\/simmelink.nl\/en\/uit-de-praktijk\/beneficiair-aanvaarden-na-handelingen\/\">Beneficiair aanvaarden na handelingen<\/a><\/h2>\n\n\n\n<div class=\"gb-text\">Een erfgenaam wil beneficiair aanvaarden uit zorgen om mogelijke schulden, maar heeft al handelingen verricht: een situatie die juridisch fijnmaziger is dan zij lijkt.<\/div>\n\n\n\n<div class=\"s-btn-group gb-element-1cf03c02\">\n<a class=\"gb-text s-btn-secondary s-btn--small gb-text-b5ce3391\" href=\"http:\/\/%7B%7Bpost_permalink%7D%7D\">Read More<\/a>\n<\/div>\n<\/div>\n<\/div>\n\n<div class=\"gb-loop-item s-card-article card shadow-soft hover-lift post-36851 uit-de-praktijk type-uit-de-praktijk status-publish hentry praktijk_cluster-erfrecht infinite-scroll-item\">\n<div class=\"gb-element-ed6811ef\">\n<div class=\"gb-element-e0f3e236\">\n<div class=\"gb-text s-card-article-category\"><span>Erfrecht<\/span><\/div>\n<\/div>\n\n\n\n<h2 class=\"gb-text gb-text-fe676d4a\"><a href=\"https:\/\/simmelink.nl\/en\/uit-de-praktijk\/onterfd-legitieme-portie-opeisen\/\">Onterfd en de legitieme portie opeisen<\/a><\/h2>\n\n\n\n<div class=\"gb-text\">Onterfd en toch aanspraak op een deel van de nalatenschap: hoe een legitieme portie kan worden opge\u00ebist terwijl de executeur niet meewerkt.<\/div>\n\n\n\n<div class=\"s-btn-group gb-element-1cf03c02\">\n<a class=\"gb-text s-btn-secondary s-btn--small gb-text-b5ce3391\" href=\"http:\/\/%7B%7Bpost_permalink%7D%7D\">Read More<\/a>\n<\/div>\n<\/div>\n<\/div>\n\n<div class=\"gb-loop-item s-card-article card shadow-soft hover-lift post-36636 uit-de-praktijk type-uit-de-praktijk status-publish hentry praktijk_cluster-erfrecht infinite-scroll-item\">\n<div class=\"gb-element-ed6811ef\">\n<div class=\"gb-element-e0f3e236\">\n<div class=\"gb-text s-card-article-category\"><span>Erfrecht<\/span><\/div>\n<\/div>\n\n\n\n<h2 class=\"gb-text gb-text-fe676d4a\"><a href=\"https:\/\/simmelink.nl\/en\/uit-de-praktijk\/gezamenlijk-geerfd-vastgoed\/\">Wanneer een ge\u00ebrfd huis een erfenis wordt in de verkeerde zin van het woord<\/a><\/h2>\n\n\n\n<div class=\"gb-text\">Drie erfgenamen, \u00e9\u00e9n familiehuis en uiteenlopende financi\u00eble belangen: een situatie die juridisch complexer is dan zij op het eerste gezicht lijkt.<\/div>\n\n\n\n<div class=\"s-btn-group gb-element-1cf03c02\">\n<a class=\"gb-text s-btn-secondary s-btn--small gb-text-b5ce3391\" href=\"http:\/\/%7B%7Bpost_permalink%7D%7D\">Read More<\/a>\n<\/div>\n<\/div>\n<\/div>\n\n<div class=\"gb-loop-item s-card-article card shadow-soft hover-lift post-32840 uit-de-praktijk type-uit-de-praktijk status-publish hentry praktijk_cluster-voornaam-wijzigen infinite-scroll-item\">\n<div class=\"gb-element-ed6811ef\">\n<div class=\"gb-element-e0f3e236\">\n<div class=\"gb-text s-card-article-category\"><span>Voornaam wijzigen<\/span><\/div>\n<\/div>\n\n\n\n<h2 class=\"gb-text gb-text-fe676d4a\"><a href=\"https:\/\/simmelink.nl\/en\/uit-de-praktijk\/gebruikelijke-naam\/\">Gebruikelijke naam komt niet overeen met voornaam<\/a><\/h2>\n\n\n\n<div class=\"gb-text\">Op deze pagina Meer over de procedure en voorwaarden leest u op onze pagina over voornaam wijzigen naar uw gebruikelijke naam. In het kort Meer informatie over de procedure en &#8230; <a title=\"Gebruikelijke naam komt niet overeen met voornaam\" class=\"read-more\" href=\"https:\/\/simmelink.nl\/en\/uit-de-praktijk\/gebruikelijke-naam\/\" aria-label=\"Read more about Gebruikelijke naam komt niet overeen met voornaam\">Lees meer<\/a><\/div>\n\n\n\n<div class=\"s-btn-group gb-element-1cf03c02\">\n<a class=\"gb-text s-btn-secondary s-btn--small gb-text-b5ce3391\" href=\"http:\/\/%7B%7Bpost_permalink%7D%7D\">Read More<\/a>\n<\/div>\n<\/div>\n<\/div>\n\n<div class=\"gb-loop-item s-card-article card shadow-soft hover-lift post-32830 uit-de-praktijk type-uit-de-praktijk status-publish hentry praktijk_cluster-voornaam-wijzigen infinite-scroll-item\">\n<div class=\"gb-element-ed6811ef\">\n<div class=\"gb-element-e0f3e236\">\n<div class=\"gb-text s-card-article-category\"><span>Voornaam wijzigen<\/span><\/div>\n<\/div>\n\n\n\n<h2 class=\"gb-text gb-text-fe676d4a\"><a href=\"https:\/\/simmelink.nl\/en\/uit-de-praktijk\/naturalisatie\/\">Naturalisatie<\/a><\/h2>\n\n\n\n<div class=\"gb-text\">Op deze pagina Meer over de procedure en voorwaarden leest u op onze pagina over voornaam wijzigen bij naturalisatie. In het kort Voornaam wijzigen bij naturalisatie Woont u in het &#8230; <a title=\"Naturalisatie\" class=\"read-more\" href=\"https:\/\/simmelink.nl\/en\/uit-de-praktijk\/naturalisatie\/\" aria-label=\"Read more about Naturalisatie\">Lees meer<\/a><\/div>\n\n\n\n<div class=\"s-btn-group gb-element-1cf03c02\">\n<a class=\"gb-text s-btn-secondary s-btn--small gb-text-b5ce3391\" href=\"http:\/\/%7B%7Bpost_permalink%7D%7D\">Read More<\/a>\n<\/div>\n<\/div>\n<\/div>\n\n<div class=\"gb-loop-item s-card-article card shadow-soft hover-lift post-32823 uit-de-praktijk type-uit-de-praktijk status-publish hentry praktijk_cluster-voornaam-wijzigen infinite-scroll-item\">\n<div class=\"gb-element-ed6811ef\">\n<div class=\"gb-element-e0f3e236\">\n<div class=\"gb-text s-card-article-category\"><span>Voornaam wijzigen<\/span><\/div>\n<\/div>\n\n\n\n<h2 class=\"gb-text gb-text-fe676d4a\"><a href=\"https:\/\/simmelink.nl\/en\/uit-de-praktijk\/negatieve-betekenis\/\">Voornaam wijzigen door negatieve of beladen betekenis<\/a><\/h2>\n\n\n\n<div class=\"gb-text\">Op deze pagina In het kort Meer informatie over de procedure en voorwaarden vindt u op de pagina voornaam wijzigen. Dit praktijkvoorbeeld is geanonimiseerd en gebaseerd op meerdere zaken uit &#8230; <a title=\"Voornaam wijzigen door negatieve of beladen betekenis\" class=\"read-more\" href=\"https:\/\/simmelink.nl\/en\/uit-de-praktijk\/negatieve-betekenis\/\" aria-label=\"Read more about Voornaam wijzigen door negatieve of beladen betekenis\">Lees meer<\/a><\/div>\n\n\n\n<div class=\"s-btn-group gb-element-1cf03c02\">\n<a class=\"gb-text s-btn-secondary s-btn--small gb-text-b5ce3391\" href=\"http:\/\/%7B%7Bpost_permalink%7D%7D\">Read More<\/a>\n<\/div>\n<\/div>\n<\/div>\n\n<div class=\"gb-loop-item s-card-article card shadow-soft hover-lift post-32813 uit-de-praktijk type-uit-de-praktijk status-publish hentry praktijk_cluster-voornaam-wijzigen infinite-scroll-item\">\n<div class=\"gb-element-ed6811ef\">\n<div class=\"gb-element-e0f3e236\">\n<div class=\"gb-text s-card-article-category\"><span>Voornaam wijzigen<\/span><\/div>\n<\/div>\n\n\n\n<h2 class=\"gb-text gb-text-fe676d4a\"><a href=\"https:\/\/simmelink.nl\/en\/uit-de-praktijk\/afwezige-ouder\/\">Voornaam wijzigen bij afwezige ouder<\/a><\/h2>\n\n\n\n<div class=\"gb-text\">Op deze pagina Meer over de procedure en voorwaarden leest u op onze pagina over voornaam wijzigen voor een kind. In het kort Voornaam wijzigen bij afwezige ouder Dit praktijkvoorbeeld &#8230; <a title=\"Voornaam wijzigen bij afwezige ouder\" class=\"read-more\" href=\"https:\/\/simmelink.nl\/en\/uit-de-praktijk\/afwezige-ouder\/\" aria-label=\"Read more about Voornaam wijzigen bij afwezige ouder\">Lees meer<\/a><\/div>\n\n\n\n<div class=\"s-btn-group gb-element-1cf03c02\">\n<a class=\"gb-text s-btn-secondary s-btn--small gb-text-b5ce3391\" href=\"http:\/\/%7B%7Bpost_permalink%7D%7D\">Read More<\/a>\n<\/div>\n<\/div>\n<\/div>\n\n<div class=\"gb-loop-item s-card-article card shadow-soft hover-lift post-32805 uit-de-praktijk type-uit-de-praktijk status-publish hentry praktijk_cluster-voornaam-wijzigen infinite-scroll-item\">\n<div class=\"gb-element-ed6811ef\">\n<div class=\"gb-element-e0f3e236\">\n<div class=\"gb-text s-card-article-category\"><span>Voornaam wijzigen<\/span><\/div>\n<\/div>\n\n\n\n<h2 class=\"gb-text gb-text-fe676d4a\"><a href=\"https:\/\/simmelink.nl\/en\/uit-de-praktijk\/afstand-ouder-verbreken-familiecontact\/\">Voornaam wijzigen na afstand van ouder of verbreken familiecontact<\/a><\/h2>\n\n\n\n<div class=\"gb-text\">Op deze pagina Meer over de procedure en voorwaarden leest u op onze pagina over voornaam wijzigen voor een kind. In het kort Voornaam wijzigen na afstand ouder of verbreken &#8230; <a title=\"Voornaam wijzigen na afstand van ouder of verbreken familiecontact\" class=\"read-more\" href=\"https:\/\/simmelink.nl\/en\/uit-de-praktijk\/afstand-ouder-verbreken-familiecontact\/\" aria-label=\"Read more about Voornaam wijzigen na afstand van ouder of verbreken familiecontact\">Lees meer<\/a><\/div>\n\n\n\n<div class=\"s-btn-group gb-element-1cf03c02\">\n<a class=\"gb-text s-btn-secondary s-btn--small gb-text-b5ce3391\" href=\"http:\/\/%7B%7Bpost_permalink%7D%7D\">Read More<\/a>\n<\/div>\n<\/div>\n<\/div>\n\n<div class=\"gb-loop-item s-card-article card shadow-soft hover-lift post-30231 uit-de-praktijk type-uit-de-praktijk status-publish hentry praktijk_cluster-voornaam-wijzigen infinite-scroll-item\">\n<div class=\"gb-element-ed6811ef\">\n<div class=\"gb-element-e0f3e236\">\n<div class=\"gb-text s-card-article-category\"><span>Voornaam wijzigen<\/span><\/div>\n<\/div>\n\n\n\n<h2 class=\"gb-text gb-text-fe676d4a\"><a href=\"https:\/\/simmelink.nl\/en\/uit-de-praktijk\/verbondenheid-met-ouder\/\">Verbondenheid met ouder<\/a><\/h2>\n\n\n\n<div class=\"gb-text\">Op deze pagina Meer over de procedure en voorwaarden leest u op onze pagina over voornaam wijzigen bij verbondenheid aan ouder. In het kort Voornaam wijzigen bij verbondenheid aan ouder &#8230; <a title=\"Verbondenheid met ouder\" class=\"read-more\" href=\"https:\/\/simmelink.nl\/en\/uit-de-praktijk\/verbondenheid-met-ouder\/\" aria-label=\"Read more about Verbondenheid met ouder\">Lees meer<\/a><\/div>\n\n\n\n<div class=\"s-btn-group gb-element-1cf03c02\">\n<a class=\"gb-text s-btn-secondary s-btn--small gb-text-b5ce3391\" href=\"http:\/\/%7B%7Bpost_permalink%7D%7D\">Read More<\/a>\n<\/div>\n<\/div>\n<\/div>\n\n<div class=\"gb-loop-item s-card-article card shadow-soft hover-lift post-30227 uit-de-praktijk type-uit-de-praktijk status-publish hentry praktijk_cluster-voornaam-wijzigen infinite-scroll-item\">\n<div class=\"gb-element-ed6811ef\">\n<div class=\"gb-element-e0f3e236\">\n<div class=\"gb-text s-card-article-category\"><span>Voornaam wijzigen<\/span><\/div>\n<\/div>\n\n\n\n<h2 class=\"gb-text gb-text-fe676d4a\"><a href=\"https:\/\/simmelink.nl\/en\/uit-de-praktijk\/voornaam-wijzigen-bij-emigratie\/\">Voornaam wijzigen bij emigratie<\/a><\/h2>\n\n\n\n<div class=\"gb-text\">Op deze pagina Meer over de procedure en voorwaarden leest up onze pagina over voornaam wijzigen bij emigratie of verblijf in het buitend. In het kort Voornaam wijzigen vanwege emigratie &#8230; <a title=\"Voornaam wijzigen bij emigratie\" class=\"read-more\" href=\"https:\/\/simmelink.nl\/en\/uit-de-praktijk\/voornaam-wijzigen-bij-emigratie\/\" aria-label=\"Read more about Voornaam wijzigen bij emigratie\">Lees meer<\/a><\/div>\n\n\n\n<div class=\"s-btn-group gb-element-1cf03c02\">\n<a class=\"gb-text s-btn-secondary s-btn--small gb-text-b5ce3391\" href=\"http:\/\/%7B%7Bpost_permalink%7D%7D\">Read More<\/a>\n<\/div>\n<\/div>\n<\/div>\n\n<div class=\"gb-loop-item s-card-article card shadow-soft hover-lift post-30038 uit-de-praktijk type-uit-de-praktijk status-publish hentry praktijk_cluster-voornaam-wijzigen infinite-scroll-item\">\n<div class=\"gb-element-ed6811ef\">\n<div class=\"gb-element-e0f3e236\">\n<div class=\"gb-text s-card-article-category\"><span>Voornaam wijzigen<\/span><\/div>\n<\/div>\n\n\n\n<h2 class=\"gb-text gb-text-fe676d4a\"><a href=\"https:\/\/simmelink.nl\/en\/uit-de-praktijk\/spelfout-registratiefout\/\">Spelfout in voornaam herstellen<\/a><\/h2>\n\n\n\n<div class=\"gb-text\">Op deze pagina Meer over de procedure en voorwaarden leest u op onze pagina over voornaam wijzigen om een spelfout in de voornaam te herstellen. In het kort In het &#8230; <a title=\"Spelfout in voornaam herstellen\" class=\"read-more\" href=\"https:\/\/simmelink.nl\/en\/uit-de-praktijk\/spelfout-registratiefout\/\" aria-label=\"Read more about Spelfout in voornaam herstellen\">Lees meer<\/a><\/div>\n\n\n\n<div class=\"s-btn-group gb-element-1cf03c02\">\n<a class=\"gb-text s-btn-secondary s-btn--small gb-text-b5ce3391\" href=\"http:\/\/%7B%7Bpost_permalink%7D%7D\">Read More<\/a>\n<\/div>\n<\/div>\n<\/div>\n<\/div>\n\n\n<div class=\"gb-element-1b594b4d gb-query-loop-pagination\">\n<a class=\"gb-text gb-text-8edfad51\" href=\"http:\/\/%7B%7Bprevious_posts_page_url%7D%7D\">Previous<\/a>\n\n\n\n\n\n<a class=\"gb-text gb-text-d3b32d39\" href=\"http:\/\/%7B%7Bnext_posts_page_url%7D%7D\">Next<\/a>\n<\/div>\n\n\n<\/div>\n\n<\/div>\n\n\n<div>\n<h2 class=\"gb-headline gb-headline-4b5160c1 gb-headline-text\" id=\"faq\">Frequently asked questions about our case studies<\/h2>\n\n\n<div class=\"gb-container gb-container-b60d8e65\">\n<div class=\"gb-container gb-container-eb0e6292 gb-accordion\" data-accordion-multiple-open>\n<div class=\"gb-container gb-container-59ffcc92 gb-accordion__item\" data-transition=\"slide\">\n\n<button class=\"gb-button gb-button-907fe55a gb-accordion__toggle\" id=\"gb-accordion-toggle-907fe55a\"><span class=\"gb-button-text\">What is a case study at a law firm?<\/span><span class=\"gb-icon\"><svg viewbox=\"0 0 448 512\" width=\"1em\" height=\"1em\" role=\"img\" class=\"gb-accordion__icon\"><path d=\"M207.029 381.476L12.686 187.132c-9.373-9.373-9.373-24.569 0-33.941l22.667-22.667c9.357-9.357 24.522-9.375 33.901-.04L224 284.505l154.745-154.021c9.379-9.335 24.544-9.317 33.901.04l22.667 22.667c9.373 9.373 9.373 24.569 0 33.941L240.971 381.476c-9.373 9.372-24.569 9.372-33.942 0z\" fill=\"currentColor\"><\/path><\/svg><svg viewbox=\"0 0 448 512\" width=\"1em\" height=\"1em\" role=\"img\" class=\"gb-accordion__icon-open\"><path d=\"M240.971 130.524l194.343 194.343c9.373 9.373 9.373 24.569 0 33.941l-22.667 22.667c-9.357 9.357-24.522 9.375-33.901.04L224 227.495 69.255 381.516c-9.379 9.335-24.544 9.317-33.901-.04l-22.667-22.667c-9.373-9.373-9.373-24.569 0-33.941L207.03 130.525c9.372-9.373 24.568-9.373 33.941-.001z\" fill=\"currentColor\"><\/path><\/svg><\/span><\/button>\n\n\n<div id=\"gb-accordion-content-ba08a5a2\" class=\"gb-accordion__content\"><div class=\"gb-container gb-container-ba08a5a2\">\n\n<p class=\"gb-headline gb-headline-427b3f19 gb-headline-text\">A case study describes a legal situation handled by a lawyer: the legal question, the complicating factors, and the approach. The examples at Simmelink Lawyers are anonymized and based on multiple similar cases, so that the legal principles are recognizable without sharing privacy-sensitive information. <\/p>\n\n<\/div><\/div>\n<\/div>\n\n<div class=\"gb-container gb-container-0f978b0d gb-accordion__item\" data-transition=\"slide\">\n\n<button class=\"gb-button gb-button-efa50380 gb-accordion__toggle\" id=\"gb-accordion-toggle-efa50380\"><span class=\"gb-button-text\">Are the case studies based on real cases?<\/span><span class=\"gb-icon\"><svg viewbox=\"0 0 448 512\" width=\"1em\" height=\"1em\" role=\"img\" class=\"gb-accordion__icon\"><path d=\"M207.029 381.476L12.686 187.132c-9.373-9.373-9.373-24.569 0-33.941l22.667-22.667c9.357-9.357 24.522-9.375 33.901-.04L224 284.505l154.745-154.021c9.379-9.335 24.544-9.317 33.901.04l22.667 22.667c9.373 9.373 9.373 24.569 0 33.941L240.971 381.476c-9.373 9.372-24.569 9.372-33.942 0z\" fill=\"currentColor\"><\/path><\/svg><svg viewbox=\"0 0 448 512\" width=\"1em\" height=\"1em\" role=\"img\" class=\"gb-accordion__icon-open\"><path d=\"M240.971 130.524l194.343 194.343c9.373 9.373 9.373 24.569 0 33.941l-22.667 22.667c-9.357 9.357-24.522 9.375-33.901.04L224 227.495 69.255 381.516c-9.379 9.335-24.544 9.317-33.901-.04l-22.667-22.667c-9.373-9.373-9.373-24.569 0-33.941L207.03 130.525c9.372-9.373 24.568-9.373 33.941-.001z\" fill=\"currentColor\"><\/path><\/svg><\/span><\/button>\n\n\n<div id=\"gb-accordion-content-08165c6c\" class=\"gb-accordion__content\"><div class=\"gb-container gb-container-08165c6c\">\n\n<p class=\"gb-headline gb-headline-84318739 gb-headline-text\">Yes. The case studies are based on cases from our practice within family law, inheritance law, and name changes. Personal data, locations, and specific dates have been removed or modified. The legal issue and the procedural steps are authentic.  <\/p>\n\n<\/div><\/div>\n<\/div>\n\n<div class=\"gb-container gb-container-97fa3b6a gb-accordion__item\" data-transition=\"slide\">\n\n<button class=\"gb-button gb-button-8f1cca61 gb-accordion__toggle\" id=\"gb-accordion-toggle-8f1cca61\"><span class=\"gb-button-text\">How do I know if my situation is comparable to one of the examples?<\/span><span class=\"gb-icon\"><svg viewbox=\"0 0 448 512\" width=\"1em\" height=\"1em\" role=\"img\" class=\"gb-accordion__icon\"><path d=\"M207.029 381.476L12.686 187.132c-9.373-9.373-9.373-24.569 0-33.941l22.667-22.667c9.357-9.357 24.522-9.375 33.901-.04L224 284.505l154.745-154.021c9.379-9.335 24.544-9.317 33.901.04l22.667 22.667c9.373 9.373 9.373 24.569 0 33.941L240.971 381.476c-9.373 9.372-24.569 9.372-33.942 0z\" fill=\"currentColor\"><\/path><\/svg><svg viewbox=\"0 0 448 512\" width=\"1em\" height=\"1em\" role=\"img\" class=\"gb-accordion__icon-open\"><path d=\"M240.971 130.524l194.343 194.343c9.373 9.373 9.373 24.569 0 33.941l-22.667 22.667c-9.357 9.357-24.522 9.375-33.901.04L224 227.495 69.255 381.516c-9.379 9.335-24.544 9.317-33.901-.04l-22.667-22.667c-9.373-9.373-9.373-24.569 0-33.941L207.03 130.525c9.372-9.373 24.568-9.373 33.941-.001z\" fill=\"currentColor\"><\/path><\/svg><\/span><\/button>\n\n\n<div id=\"gb-accordion-content-29bc1633\" class=\"gb-accordion__content\"><div class=\"gb-container gb-container-29bc1633\">\n\n<p class=\"gb-headline gb-headline-e4c5bbbc gb-headline-text\">Every legal situation is unique. The case studies are intended to show the types of questions we handle and how we approach a case, not to directly compare your situation. In a <a href=\"https:\/\/simmelink.nl\/en\/our-approach\/advice\/\">consultation<\/a>, we will map out your legal position and discuss the available options.  <\/p>\n\n<\/div><\/div>\n<\/div>\n<\/div>\n<\/div><\/div>\n<\/div>\n<\/div>\n<\/div>\n","protected":false},"excerpt":{"rendered":"<p>Case Studies Frequently asked questions about our case studies A case study describes a legal situation handled by a lawyer: the legal question, the complicating factors, and the approach. The examples at Simmelink Lawyers are anonymized and based on multiple similar cases, so that the legal principles are recognizable without sharing privacy-sensitive information. Yes. The &#8230; <a title=\"Based on Real Cases\" class=\"read-more\" href=\"https:\/\/simmelink.nl\/en\/from-our-practice\/\" aria-label=\"Read more about Based on Real Cases\">Lees meer<\/a><\/p>\n","protected":false},"author":3,"featured_media":0,"parent":0,"menu_order":0,"comment_status":"closed","ping_status":"closed","template":"","meta":{"_acf_changed":false,"footnotes":""},"class_list":{"0":"post-25078","1":"page","2":"type-page","3":"status-publish","5":"infinite-scroll-item"},"acf":[],"_links":{"self":[{"href":"https:\/\/simmelink.nl\/en\/wp-json\/wp\/v2\/pages\/25078","targetHints":{"allow":["GET"]}}],"collection":[{"href":"https:\/\/simmelink.nl\/en\/wp-json\/wp\/v2\/pages"}],"about":[{"href":"https:\/\/simmelink.nl\/en\/wp-json\/wp\/v2\/types\/page"}],"author":[{"embeddable":true,"href":"https:\/\/simmelink.nl\/en\/wp-json\/wp\/v2\/users\/3"}],"replies":[{"embeddable":true,"href":"https:\/\/simmelink.nl\/en\/wp-json\/wp\/v2\/comments?post=25078"}],"version-history":[{"count":9,"href":"https:\/\/simmelink.nl\/en\/wp-json\/wp\/v2\/pages\/25078\/revisions"}],"predecessor-version":[{"id":37668,"href":"https:\/\/simmelink.nl\/en\/wp-json\/wp\/v2\/pages\/25078\/revisions\/37668"}],"wp:attachment":[{"href":"https:\/\/simmelink.nl\/en\/wp-json\/wp\/v2\/media?parent=25078"}],"curies":[{"name":"wp","href":"https:\/\/api.w.org\/{rel}","templated":true}]}}